{"id":131,"date":"2015-03-23T12:34:51","date_gmt":"2015-03-23T11:34:51","guid":{"rendered":"http:\/\/www.centrodambra.com\/wordpress\/?page_id=131"},"modified":"2018-08-30T12:23:36","modified_gmt":"2018-08-30T10:23:36","slug":"metodo","status":"publish","type":"page","link":"https:\/\/www.centrodambra.com\/?page_id=131","title":{"rendered":"Metodo D&#8217;Ambra"},"content":{"rendered":"<div id=\"themify_builder_content-131\" data-postid=\"131\" class=\"themify_builder_content themify_builder_content-131 themify_builder\">\n\n    \t\n\t\t<!-- module_row -->\n\t\t<div  class=\"themify_builder_row module_row clearfix fullcover fullwidth module_row_0 themify_builder_131_row module_row_131-0\">\n\t\t\t\t\t\t<div class=\"row_inner col_align_bottom\" >\n                            \n\t\t<div style=\"width:58.8%\" class=\"module_column tb-column col4-2 first tb_131_column module_column_0 module_column_131-0-0 repeat\" >\n                                        \t\t<\/div>\n\t\t\n\t\t<div style=\"width:38%\" class=\"module_column tb-column col4-2 last tb_131_column module_column_1 module_column_131-0-1\" >\n                                                                <div class=\"tb-column-inner\">\n                            \r\n\r\n<!-- module text -->\n<div  id=\"text-131-0-1-0\" class=\"module module-text text-131-0-1-0  repeat  \">\n    <!--insert-->\n    \n        <p style=\"text-align: center;\">Psiche e corpo rappresentano non la <br \/>dualit\u00e0 dell\u2019essere umano bens\u00ec la sua unit\u00e0.<\/p>        <\/div>\n<!-- \/module text -->\n\r\n                        <\/div>\n                    \t\t<\/div>\n\t\t                                <\/div>\n                                <!-- \/row_inner -->\n                        <\/div>\n                        <!-- \/module_row -->\n\t\t\t\n\t\t<!-- module_row -->\n\t\t<div  class=\"themify_builder_row module_row clearfix module_row_1 themify_builder_131_row module_row_131-1\">\n\t\t\t\t\t\t<div class=\"row_inner col_align_top\" >\n                            \n\t\t<div  class=\"module_column tb-column col-full first tb_131_column module_column_0 module_column_131-1-0\" >\n                                                                <div class=\"tb-column-inner\">\n                            \r\n\r\n<!-- module text -->\n<div  id=\"text-131-1-0-0\" class=\"module module-text text-131-1-0-0  repeat  \">\n    <!--insert-->\n    \n        <p>Il corpo nella sua fisiologia \u00e8 espressione di equilibrio &#8211; bellezza &#8211; armonia psicomotoria; non si oppone a intelligenza e a sentimenti, ma li include e li ospita in una relazione dinamica.<\/p>\n<p>Nel corso della nostra storia, a causa di bisogni limitati e\/o negati di calore, di movimento, di vitalit\u00e0, questa relazione dinamica subisce un disequilibrio che genera disagio.<\/p>\n<p>Il corpo, unico strumento che l\u2019uomo possiede per entrare in contatto con la realt\u00e0 e con gli altri, risponde a questo disagio attraverso irrigidimenti muscolari e contratture. Questi inizialmente generano un senso di fatica, di stanchezza, di malessere generale, di dolori a carico di varie parti del corpo ( testa, schiena, bacino, arti); successivamente, determinando l\u2019accorciamento delle catene muscolari, portano verso la rigidit\u00e0, il blocco, generando delle vere e proprie patologie osteo-muscolo-articolare (artrosi, scoliosi, lordosi, cervicalgie \u2026)<\/p>\n<p>Le contratture con pi\u00f9 o meno intensit\u00e0 bloccano l\u2019azione dei muscoli, la capacit\u00e0 di sentire sensazioni ed emozioni impedendoci di vivere la naturale espressione del nostro essere in relazione con noi, con gli altri e con l\u2019ambiente.<\/p>\n<p>Il corpo diventa uno sconosciuto, non lo si sente e non ci si accorge neanche di vivere in una gabbia coperta da una corazza.<\/p>\n<p>La struttura che dovrebbe sorreggere e muovere il corpo permettendogli di esprimersi e relazionarsi secondo le sue potenzialit\u00e0, lo blocca e lo imprigiona limitandone le capacit\u00e0 e la vitalit\u00e0: si avverte la rigidit\u00e0 e l\u2019incoordinazione, il dolore e la sofferenza che spesso rappresentano l\u2019unica voce per mostrare il disagio.<\/p>\n<p>Questi sintomi che ci danno fastidio e che cerchiamo di eliminare sono invece l\u2019espressione di una sofferenza fisica ed emotiva che ci danno la possibilit\u00e0 di occuparci di noi: di incontrarci e di conoscerci.<\/p>\n<p>Incontrare e conoscere il nostro corpo nel suo vissuto, corpo che come sostanza viva pu\u00f2 prendere forma in rapporto ai suoi punti di partenza ripristinando un\u2019 equilibrio psico-fisico, facendo lavorare per s\u00e9 e non contro se stesso i propri muscoli, le proprie sensazioni e le proprie emozioni.<\/p>\n<p>Ritrovando il nostro corpo abbiamo la possibilit\u00e0 di uscire dal disagio e dalla malattia, di ritrovare la dignit\u00e0 del nostro esistere.<\/p>\n<p><strong>La terapia<br \/><\/strong>Il metodo lavora sull\u2019allungamento delle catene muscolari e sulla propriocezione del corpo.<\/p>\n<p>L&#8217;allungamento delle catene muscolari ha lo scopo di ridurre ed eliminare la causa dei dolori e riportare il corpo verso la sua fisiologia e simmetria affinch\u00e9 i muscoli tornino a risentire e a muoversi nel loro equilibrio statico e dinamico. Allentare le catene permette di risentire la leggerezza, la libert\u00e0, la stabilit\u00e0 del corpo stesso, e ritrovare la possibilit\u00e0 di entrare in contatto con il nostro essere, con la nostra vitalit\u00e0, con la nostra creativit\u00e0.<\/p>\n<p>La propriocezione ci permette di conoscere in modo articolato e fluido, nel rispetto dei propri tempi, il mondo del nostro corpo: l\u2019integrit\u00e0 e l\u2019interdipendenza della sua unit\u00e0 muscolare, l\u2019organizzazione delle sue funzioni alla base dell\u2019azione, il linguaggio delle sue tensioni e resistenze, le sue sensazioni e le sue emozioni; il suo vissuto psicomotorio. La propriocezione, attraverso le sue vie neuromotorie, ci permette di generare-organizzare-articolare forme nuove di esperienze (di movimento e di relazione) affinch\u00e9 entrino nella nostra memoria corporea.<\/p>\n<p>Nel lavoro svolto, progressivamente, si incontra e si percepisce il corpo: ci si riappropria delle contrazioni naturali, delle possibilit\u00e0 e potenzialit\u00e0, della consapevolezza delle sensazioni ed emozioni racchiuse nelle nostre contratture, riaprendo anche la possibilit\u00e0 di entrare in contatto con il corpo degli altri in un clima di rispetto, di calore, di fiducia.<\/p>\n<p>Con la conoscenza e con la consapevolezza del movimento che si avvicina alla sua fisiologia e all\u2019unit\u00e0 psicomotoria, ritroviamo la bellezza, l\u2019armonia e la spontaneit\u00e0 che sono naturalmente nel nostro corpo: torniamo ad essere protagonisti della nostra vita .<\/p>\n<div id='gallery-1' class='gallery galleryid-131 gallery-columns-3 gallery-size-large'><figure class='gallery-item'>\n\t\t\t<div class='gallery-icon landscape'>\n\t\t\t\t<a href='https:\/\/www.centrodambra.com\/?attachment_id=207'><img loading=\"lazy\" decoding=\"async\" width=\"1024\" height=\"682\" src=\"https:\/\/www.centrodambra.com\/wordpress\/wp-content\/uploads\/2015\/03\/IMG_7316R1-1024x682.jpg\" class=\"attachment-large size-large\" alt=\"centro di Guglionesi ingresso\" srcset=\"https:\/\/www.centrodambra.com\/wordpress\/wp-content\/uploads\/2015\/03\/IMG_7316R1-1024x682.jpg 1024w, https:\/\/www.centrodambra.com\/wordpress\/wp-content\/uploads\/2015\/03\/IMG_7316R1-1024x682-300x200.jpg 300w, https:\/\/www.centrodambra.com\/wordpress\/wp-content\/uploads\/2015\/03\/IMG_7316R1.jpg 1250w\" sizes=\"(max-width: 1024px) 100vw, 1024px\" \/><\/a>\n\t\t\t<\/div><\/figure><figure class='gallery-item'>\n\t\t\t<div class='gallery-icon landscape'>\n\t\t\t\t<a href='https:\/\/www.centrodambra.com\/?attachment_id=201'><img loading=\"lazy\" decoding=\"async\" width=\"1024\" height=\"682\" src=\"https:\/\/www.centrodambra.com\/wordpress\/wp-content\/uploads\/2015\/03\/IMG_7321R-1024x682.jpg\" class=\"attachment-large size-large\" alt=\"centro di Guglionesi palestra\" srcset=\"https:\/\/www.centrodambra.com\/wordpress\/wp-content\/uploads\/2015\/03\/IMG_7321R-1024x682.jpg 1024w, https:\/\/www.centrodambra.com\/wordpress\/wp-content\/uploads\/2015\/03\/IMG_7321R-300x200.jpg 300w, https:\/\/www.centrodambra.com\/wordpress\/wp-content\/uploads\/2015\/03\/IMG_7321R.jpg 1250w\" sizes=\"(max-width: 1024px) 100vw, 1024px\" \/><\/a>\n\t\t\t<\/div><\/figure><figure class='gallery-item'>\n\t\t\t<div class='gallery-icon landscape'>\n\t\t\t\t<a href='https:\/\/www.centrodambra.com\/?attachment_id=200'><img loading=\"lazy\" decoding=\"async\" width=\"1024\" height=\"682\" src=\"https:\/\/www.centrodambra.com\/wordpress\/wp-content\/uploads\/2015\/03\/IMG_7320R-1024x682.jpg\" class=\"attachment-large size-large\" alt=\"centro di Guglionesi palestra\" srcset=\"https:\/\/www.centrodambra.com\/wordpress\/wp-content\/uploads\/2015\/03\/IMG_7320R-1024x682.jpg 1024w, https:\/\/www.centrodambra.com\/wordpress\/wp-content\/uploads\/2015\/03\/IMG_7320R-1024x682-300x200.jpg 300w, https:\/\/www.centrodambra.com\/wordpress\/wp-content\/uploads\/2015\/03\/IMG_7320R.jpg 1250w\" sizes=\"(max-width: 1024px) 100vw, 1024px\" \/><\/a>\n\t\t\t<\/div><\/figure>\n\t\t<\/div>\n        <\/div>\n<!-- \/module text -->\n\r\n                        <\/div>\n                    \t\t<\/div>\n\t\t                                <\/div>\n                                <!-- \/row_inner -->\n                        <\/div>\n                        <!-- \/module_row -->\n\t\t<\/div>\n","protected":false},"excerpt":{"rendered":"<p>Psiche e corpo rappresentano non la dualit\u00e0 dell\u2019essere umano bens\u00ec la sua unit\u00e0. Il corpo nella sua fisiologia \u00e8 espressione di equilibrio &#8211; bellezza &#8211; armonia psicomotoria; non si oppone a intelligenza e a sentimenti, ma li include e li ospita in una relazione dinamica. Nel corso della nostra storia, a causa di bisogni limitati [&hellip;]<\/p>\n","protected":false},"author":1,"featured_media":0,"parent":0,"menu_order":0,"comment_status":"closed","ping_status":"closed","template":"","meta":{"footnotes":""},"_links":{"self":[{"href":"https:\/\/www.centrodambra.com\/index.php?rest_route=\/wp\/v2\/pages\/131"}],"collection":[{"href":"https:\/\/www.centrodambra.com\/index.php?rest_route=\/wp\/v2\/pages"}],"about":[{"href":"https:\/\/www.centrodambra.com\/index.php?rest_route=\/wp\/v2\/types\/page"}],"author":[{"embeddable":true,"href":"https:\/\/www.centrodambra.com\/index.php?rest_route=\/wp\/v2\/users\/1"}],"replies":[{"embeddable":true,"href":"https:\/\/www.centrodambra.com\/index.php?rest_route=%2Fwp%2Fv2%2Fcomments&post=131"}],"version-history":[{"count":43,"href":"https:\/\/www.centrodambra.com\/index.php?rest_route=\/wp\/v2\/pages\/131\/revisions"}],"predecessor-version":[{"id":889,"href":"https:\/\/www.centrodambra.com\/index.php?rest_route=\/wp\/v2\/pages\/131\/revisions\/889"}],"wp:attachment":[{"href":"https:\/\/www.centrodambra.com\/index.php?rest_route=%2Fwp%2Fv2%2Fmedia&parent=131"}],"curies":[{"name":"wp","href":"https:\/\/api.w.org\/{rel}","templated":true}]}}