{"id":133,"date":"2015-03-23T12:36:10","date_gmt":"2015-03-23T11:36:10","guid":{"rendered":"http:\/\/www.centrodambra.com\/wordpress\/?page_id=133"},"modified":"2018-09-03T11:21:18","modified_gmt":"2018-09-03T09:21:18","slug":"metodo-mezieres","status":"publish","type":"page","link":"https:\/\/www.centrodambra.com\/?page_id=133","title":{"rendered":"Metodo Mezieres"},"content":{"rendered":"<div id=\"themify_builder_content-133\" data-postid=\"133\" class=\"themify_builder_content themify_builder_content-133 themify_builder\">\n\n    \t\n\t\t<!-- module_row -->\n\t\t<div  class=\"themify_builder_row module_row clearfix fullcover fullwidth module_row_0 themify_builder_133_row module_row_133-0\">\n\t\t\t\t\t\t<div class=\"row_inner col_align_bottom\" >\n                            \n\t\t<div  class=\"module_column tb-column col4-2 first tb_133_column module_column_0 module_column_133-0-0 repeat\" >\n                                                                <div class=\"tb-column-inner\">\n                            \r\n\r\n<!-- module text -->\n<div  id=\"text-133-0-0-0\" class=\"module module-text text-133-0-0-0  repeat  \">\n    <!--insert-->\n    \n        <p style=\"text-align: center;\">\u201cAbbiate occhi per la morfologia perfetta e per l\u2019eleganza delle forme \u201c<\/p>        <\/div>\n<!-- \/module text -->\n\r\n                        <\/div>\n                    \t\t<\/div>\n\t\t\n\t\t<div  class=\"module_column tb-column col4-2 last tb_133_column module_column_1 module_column_133-0-1\" >\n                                        \t\t<\/div>\n\t\t                                <\/div>\n                                <!-- \/row_inner -->\n                        <\/div>\n                        <!-- \/module_row -->\n\t\t\t\n\t\t<!-- module_row -->\n\t\t<div  class=\"themify_builder_row module_row clearfix module_row_1 themify_builder_133_row module_row_133-1\">\n\t\t\t\t\t\t<div class=\"row_inner col_align_top\" >\n                            \n\t\t<div  class=\"module_column tb-column col-full first tb_133_column module_column_0 module_column_133-1-0\" >\n                                                                <div class=\"tb-column-inner\">\n                            \r\n\r\n<!-- module text -->\n<div  id=\"text-133-1-0-0\" class=\"module module-text text-133-1-0-0  repeat  \">\n    <!--insert-->\n    \n        <p style=\"text-align: justify;\"><strong>Fran\u00e7oise M\u00e9zi\u00e8res<\/strong>, attraverso uno studio accurato dell&#8217;\u0092anatomia e della kinesiologia, ha scoperto che nello studio del corpo il punto di partenza \u00e8 sempre la fisiologia del corpo stesso, con le sue leggi e le sue proporzioni che rispettano la formula aurea delle statue greche (legge di armonia universale).<\/p>\n<p style=\"text-align: justify;\">In modo del tutto rivoluzionario afferm\u00f2 che:<\/p>\n<ul style=\"text-align: justify;\">\n<li><strong>i muscoli sono organizzati in 5 catene.<\/strong> Essi sono poliarticolati come le \u0091tegole\u0092 di un tetto e interdipendenti tra loro, per cui la contrazione di uno influenza meccanicamente tutti gli altri.<\/li>\n<li><strong>i muscoli delle catene, pi\u00f9 che motori delle articolazioni, ne sono i freni<\/strong>: diventa necessario quindi non mobilizzare, ma allentare i freni di un articolazione altrimenti i capi articolari, sottoposti ad un attrito eccessivo, degenerano verso l&#8217;\u0092artrosi<\/li>\n<li><strong>\u00e8 la forma (struttura) che determina la funzione e non il contrario<\/strong>, per cui \u00e8 inutile far ripetere un movimento se la struttura muscolare \u00e8 rigida.<\/li>\n<\/ul>\n<p style=\"text-align: justify;\">\u00c8 la struttura che modifica la funzione per cui \u00e8 fondamentale allungare e non rinforzare i muscoli delle catene (sempre troppo rigidi e troppo corti) per renderli pi\u00f9 elastici e riportare il corpo verso la sua simmetria.<\/p>\n<p style=\"text-align: justify;\">Inoltre essendo i muscoli la parte plastica del corpo non esistono dolori che non siano reversibili.<\/p>\n<p style=\"text-align: justify;\">La diagnosi e la cura si basano sull\u0092osservazione di ogni muscolo delle catene, delle contratture che lateralizzano e ruotano il corpo<\/p>\n<p style=\"text-align: justify;\">Mezieres diceva a noi giovani fisioterapisti:<\/p>\n<p style=\"text-align: justify;\">&#8220;abbiate occhi per la morfologia perfetta e per l\u0092&#8217;eleganza delle forme &#8220;<\/p>\n<div id='gallery-1' class='gallery galleryid-133 gallery-columns-3 gallery-size-large'><figure class='gallery-item'>\n\t\t\t<div class='gallery-icon landscape'>\n\t\t\t\t<a href='https:\/\/www.centrodambra.com\/?attachment_id=245'><img loading=\"lazy\" decoding=\"async\" width=\"920\" height=\"690\" src=\"https:\/\/www.centrodambra.com\/wordpress\/wp-content\/uploads\/2015\/03\/DSCN2201p.jpg\" class=\"attachment-large size-large\" alt=\"centro di Roma ingresso\" srcset=\"https:\/\/www.centrodambra.com\/wordpress\/wp-content\/uploads\/2015\/03\/DSCN2201p.jpg 920w, https:\/\/www.centrodambra.com\/wordpress\/wp-content\/uploads\/2015\/03\/DSCN2201p-300x225.jpg 300w\" sizes=\"(max-width: 920px) 100vw, 920px\" \/><\/a>\n\t\t\t<\/div><\/figure><figure class='gallery-item'>\n\t\t\t<div class='gallery-icon landscape'>\n\t\t\t\t<a href='https:\/\/www.centrodambra.com\/?attachment_id=243'><img loading=\"lazy\" decoding=\"async\" width=\"920\" height=\"690\" src=\"https:\/\/www.centrodambra.com\/wordpress\/wp-content\/uploads\/2015\/03\/DSCN2190p.jpg\" class=\"attachment-large size-large\" alt=\"centro di Roma palestra\" srcset=\"https:\/\/www.centrodambra.com\/wordpress\/wp-content\/uploads\/2015\/03\/DSCN2190p.jpg 920w, https:\/\/www.centrodambra.com\/wordpress\/wp-content\/uploads\/2015\/03\/DSCN2190p-300x225.jpg 300w\" sizes=\"(max-width: 920px) 100vw, 920px\" \/><\/a>\n\t\t\t<\/div><\/figure><figure class='gallery-item'>\n\t\t\t<div class='gallery-icon landscape'>\n\t\t\t\t<a href='https:\/\/www.centrodambra.com\/?attachment_id=237'><img loading=\"lazy\" decoding=\"async\" width=\"460\" height=\"345\" src=\"https:\/\/www.centrodambra.com\/wordpress\/wp-content\/uploads\/2015\/03\/DSCN2152p.jpg\" class=\"attachment-large size-large\" alt=\"centro di Roma giardino\" srcset=\"https:\/\/www.centrodambra.com\/wordpress\/wp-content\/uploads\/2015\/03\/DSCN2152p.jpg 460w, https:\/\/www.centrodambra.com\/wordpress\/wp-content\/uploads\/2015\/03\/DSCN2152p-300x225.jpg 300w\" sizes=\"(max-width: 460px) 100vw, 460px\" \/><\/a>\n\t\t\t<\/div><\/figure>\n\t\t<\/div>\n        <\/div>\n<!-- \/module text -->\n\r\n                        <\/div>\n                    \t\t<\/div>\n\t\t                                <\/div>\n                                <!-- \/row_inner -->\n                        <\/div>\n                        <!-- \/module_row -->\n\t\t<\/div>\n","protected":false},"excerpt":{"rendered":"<p>\u201cAbbiate occhi per la morfologia perfetta e per l\u2019eleganza delle forme \u201c Fran\u00e7oise M\u00e9zi\u00e8res, attraverso uno studio accurato dell&#8217;\u0092anatomia e della kinesiologia, ha scoperto che nello studio del corpo il punto di partenza \u00e8 sempre la fisiologia del corpo stesso, con le sue leggi e le sue proporzioni che rispettano la formula aurea delle statue [&hellip;]<\/p>\n","protected":false},"author":1,"featured_media":0,"parent":0,"menu_order":0,"comment_status":"closed","ping_status":"closed","template":"","meta":{"footnotes":""},"_links":{"self":[{"href":"https:\/\/www.centrodambra.com\/index.php?rest_route=\/wp\/v2\/pages\/133"}],"collection":[{"href":"https:\/\/www.centrodambra.com\/index.php?rest_route=\/wp\/v2\/pages"}],"about":[{"href":"https:\/\/www.centrodambra.com\/index.php?rest_route=\/wp\/v2\/types\/page"}],"author":[{"embeddable":true,"href":"https:\/\/www.centrodambra.com\/index.php?rest_route=\/wp\/v2\/users\/1"}],"replies":[{"embeddable":true,"href":"https:\/\/www.centrodambra.com\/index.php?rest_route=%2Fwp%2Fv2%2Fcomments&post=133"}],"version-history":[{"count":26,"href":"https:\/\/www.centrodambra.com\/index.php?rest_route=\/wp\/v2\/pages\/133\/revisions"}],"predecessor-version":[{"id":914,"href":"https:\/\/www.centrodambra.com\/index.php?rest_route=\/wp\/v2\/pages\/133\/revisions\/914"}],"wp:attachment":[{"href":"https:\/\/www.centrodambra.com\/index.php?rest_route=%2Fwp%2Fv2%2Fmedia&parent=133"}],"curies":[{"name":"wp","href":"https:\/\/api.w.org\/{rel}","templated":true}]}}