{"id":178,"date":"2015-03-24T14:57:17","date_gmt":"2015-03-24T13:57:17","guid":{"rendered":"http:\/\/www.centrodambra.com\/?page_id=178"},"modified":"2015-03-29T22:28:14","modified_gmt":"2015-03-29T20:28:14","slug":"centro-di-guglionesi","status":"publish","type":"page","link":"https:\/\/www.centrodambra.com\/?page_id=178","title":{"rendered":"Centro di Guglionesi"},"content":{"rendered":"<h1>Guglionesi (CB)<\/h1>\n<p>Guglionesi \u00e8 uno dei pi\u00f9 importanti paesi del Basso Molise, \u00e8 situato a 369 metri di altezza e dista una decina di chilometri dal mare. Dall&#8217;alto dei suoi belvedere \u00e8 possibile ammirare un paesaggio segnato dai colori dei campi coltivati, dal blu del mare Adriatico con le isole Tremiti all\u2019orizzonte, le montagne innevate della Maiella e dalla dolcezza della valle del fiume Biferno.<br \/>\nIl suo antico borgo medioevale, racchiuso da tre strade principali parallele, conserva alcuni dei monumenti pi\u00f9 interessanti del Molise come la chiesa di Santa Maria Maggiore, con l\u2019elegante cripta di Sant\u2019Adamo e la chiesa di San Nicola, uno degli esempi pi\u00f9 significativi dell\u2019arte romanica in Molise.<br \/>\nIn una di queste tre antiche strade, via Galterio, al civico 28 si trova il nostro centro.<\/p>\n<p>&nbsp;<\/p>\n<table class=\" aligncenter\" style=\"width: 680px; height: auto;\" cellpadding=\"10px\">\n<tbody>\n<tr>\n<td><a href=\"http:\/\/www.centrodambra.com\/wordpress\/wp-content\/uploads\/2015\/03\/S8002978R.jpg\"><img loading=\"lazy\" decoding=\"async\" src=\"http:\/\/www.centrodambra.com\/wordpress\/wp-content\/uploads\/2015\/03\/S8002978R-150x150.jpg\" alt=\"S8002978R\" width=\"150\" height=\"150\" \/><\/a><\/td>\n<td><img loading=\"lazy\" decoding=\"async\" src=\"http:\/\/www.centrodambra.com\/wordpress\/wp-content\/uploads\/2015\/03\/S8002977R-150x150.jpg\" alt=\"S8002977R\" width=\"150\" height=\"150\" \/><\/td>\n<td><a href=\"http:\/\/www.centrodambra.com\/wordpress\/wp-content\/uploads\/2015\/03\/S8002981R.jpg\"><img loading=\"lazy\" decoding=\"async\" src=\"http:\/\/www.centrodambra.com\/wordpress\/wp-content\/uploads\/2015\/03\/S8002981R-150x150.jpg\" alt=\"S8002981R\" width=\"150\" height=\"150\" \/><\/a><\/td>\n<td><a href=\"http:\/\/www.centrodambra.com\/wordpress\/wp-content\/uploads\/2015\/03\/S8002976R.jpg\"><img loading=\"lazy\" decoding=\"async\" src=\"http:\/\/www.centrodambra.com\/wordpress\/wp-content\/uploads\/2015\/03\/S8002976R-150x150.jpg\" alt=\"S8002976R\" width=\"150\" height=\"150\" \/><\/a><\/td>\n<\/tr>\n<tr>\n<td><a href=\"http:\/\/www.centrodambra.com\/wordpress\/wp-content\/uploads\/2015\/03\/S8002985R.jpg\"><img loading=\"lazy\" decoding=\"async\" src=\"http:\/\/www.centrodambra.com\/wordpress\/wp-content\/uploads\/2015\/03\/S8002985R-150x150.jpg\" alt=\"S8002985R\" width=\"150\" height=\"150\" \/><\/a><\/td>\n<td><a href=\"http:\/\/www.centrodambra.com\/wordpress\/wp-content\/uploads\/2015\/03\/IMG_7316R1.jpg\"><img loading=\"lazy\" decoding=\"async\" src=\"http:\/\/www.centrodambra.com\/wordpress\/wp-content\/uploads\/2015\/03\/IMG_7316R1-150x150.jpg\" alt=\"IMG_7316R\" width=\"150\" height=\"150\" \/><\/a><\/td>\n<td><a href=\"http:\/\/www.centrodambra.com\/wordpress\/wp-content\/uploads\/2015\/03\/IMG_7317R.jpg\"><img loading=\"lazy\" decoding=\"async\" src=\"http:\/\/www.centrodambra.com\/wordpress\/wp-content\/uploads\/2015\/03\/IMG_7317R-150x150.jpg\" alt=\"IMG_7317R\" width=\"150\" height=\"150\" \/><\/a><\/td>\n<td><a href=\"http:\/\/www.centrodambra.com\/wordpress\/wp-content\/uploads\/2015\/03\/IMG_7320R.jpg\"><img loading=\"lazy\" decoding=\"async\" src=\"http:\/\/www.centrodambra.com\/wordpress\/wp-content\/uploads\/2015\/03\/IMG_7320R-150x150.jpg\" alt=\"IMG_7320R\" width=\"150\" height=\"150\" \/><\/a><\/td>\n<\/tr>\n<\/tbody>\n<\/table>\n<h5>Come raggiungere il centro :<\/h5>\n<p><strong>In Auto<\/strong><\/p>\n<p style=\"text-align: left; padding-left: 30px;\"><strong>Da Nord e da Sud<\/strong><\/p>\n<p style=\"padding-left: 30px;\">Dall&#8217;autostrada Adriatica A14 seguire la direzione Pescara e uscire a Termoli, seguire la direzione Campobasso\/Larino, prendere la SS 87 (strada statale Bifernina), proseguire sulla SS 647 in direzione di Campobasso, prendere la SP 126 in direzione di Guglionesi.<\/p>\n<p style=\"padding-left: 30px;\"><strong>Da Termoli<\/strong><\/p>\n<p style=\"padding-left: 30px;\">Prendere la SP 168, attraversare San Giacomo degli Schiavoni e proseguire in direzione di Guglionesi.<\/p>\n<p><strong>In autobus<\/strong><\/p>\n<p style=\"padding-left: 30px;\">autolinee SATI S.P.A.\u00a0\u00a0\u00a0\u00a0 <a href=\"http:\/\/www.satiautobus.com\">www.satiautobus.com<\/a><\/p>\n<p style=\"padding-left: 30px;\">\n<p style=\"padding-left: 30px;\">\n<p><iframe loading=\"lazy\" src=\"https:\/\/www.google.com\/maps\/embed?pb=!1m14!1m8!1m3!1d2969.0616689055832!2d14.913347000000002!3d41.913033!3m2!1i1024!2i768!4f13.1!3m3!1m2!1s0x1330c9bda7fcd945%3A0xadb59cfa8b99c5a2!2sVia+Galterio%2C+28%2C+86034+Guglionesi+CB!5e0!3m2!1sit!2sit!4v1424802334423\" width=\"300\" height=\"200\" frameborder=\"0\"><\/iframe><\/p>\n<div id=\"themify_builder_content-178\" data-postid=\"178\" class=\"themify_builder_content themify_builder_content-178 themify_builder\">\n\n    <\/div>\n<!-- \/themify_builder_content -->","protected":false},"excerpt":{"rendered":"<p>Guglionesi (CB) Guglionesi \u00e8 uno dei pi\u00f9 importanti paesi del Basso Molise, \u00e8 situato a 369 metri di altezza e dista una decina di chilometri dal mare. Dall&#8217;alto dei suoi belvedere \u00e8 possibile ammirare un paesaggio segnato dai colori dei campi coltivati, dal blu del mare Adriatico con le isole Tremiti all\u2019orizzonte, le montagne innevate [&hellip;]<\/p>\n","protected":false},"author":1,"featured_media":0,"parent":0,"menu_order":0,"comment_status":"closed","ping_status":"closed","template":"","meta":{"footnotes":""},"_links":{"self":[{"href":"https:\/\/www.centrodambra.com\/index.php?rest_route=\/wp\/v2\/pages\/178"}],"collection":[{"href":"https:\/\/www.centrodambra.com\/index.php?rest_route=\/wp\/v2\/pages"}],"about":[{"href":"https:\/\/www.centrodambra.com\/index.php?rest_route=\/wp\/v2\/types\/page"}],"author":[{"embeddable":true,"href":"https:\/\/www.centrodambra.com\/index.php?rest_route=\/wp\/v2\/users\/1"}],"replies":[{"embeddable":true,"href":"https:\/\/www.centrodambra.com\/index.php?rest_route=%2Fwp%2Fv2%2Fcomments&post=178"}],"version-history":[{"count":22,"href":"https:\/\/www.centrodambra.com\/index.php?rest_route=\/wp\/v2\/pages\/178\/revisions"}],"predecessor-version":[{"id":249,"href":"https:\/\/www.centrodambra.com\/index.php?rest_route=\/wp\/v2\/pages\/178\/revisions\/249"}],"wp:attachment":[{"href":"https:\/\/www.centrodambra.com\/index.php?rest_route=%2Fwp%2Fv2%2Fmedia&parent=178"}],"curies":[{"name":"wp","href":"https:\/\/api.w.org\/{rel}","templated":true}]}}