{"id":9,"date":"2015-02-24T16:49:45","date_gmt":"2015-02-24T15:49:45","guid":{"rendered":"http:\/\/www.centrodambra.com\/wordpress\/?page_id=9"},"modified":"2018-08-28T19:00:06","modified_gmt":"2018-08-28T17:00:06","slug":"chi-siamo","status":"publish","type":"page","link":"https:\/\/www.centrodambra.com\/?page_id=9","title":{"rendered":"Filomena D&#8217;Ambra"},"content":{"rendered":"<div id=\"themify_builder_content-9\" data-postid=\"9\" class=\"themify_builder_content themify_builder_content-9 themify_builder\">\n\n    \t\n\t\t<!-- module_row -->\n\t\t<div  class=\"themify_builder_row module_row clearfix fullcover fullwidth module_row_0 themify_builder_9_row module_row_9-0\">\n\t\t\t\t\t\t<div class=\"row_inner col_align_bottom\" >\n                            \n\t\t<div  class=\"module_column tb-column col4-2 first tb_9_column module_column_0 module_column_9-0-0 repeat\" >\n                                        \t\t<\/div>\n\t\t\n\t\t<div  class=\"module_column tb-column col4-2 last tb_9_column module_column_1 module_column_9-0-1\" >\n                                                                <div class=\"tb-column-inner\">\n                            \r\n\r\n<!-- module text -->\n<div  id=\"text-9-0-1-0\" class=\"module module-text text-9-0-1-0  repeat  \">\n    <!--insert-->\n    \n        <p style=\"text-align: center;\">Psiche e corpo rappresentano non la dualit\u00e0 dell\u2019essere umano\u00a0 bens\u00ec la sua unit\u00e0.<\/p>        <\/div>\n<!-- \/module text -->\n\r\n                        <\/div>\n                    \t\t<\/div>\n\t\t                                <\/div>\n                                <!-- \/row_inner -->\n                        <\/div>\n                        <!-- \/module_row -->\n\t\t\t\n\t\t<!-- module_row -->\n\t\t<div  class=\"themify_builder_row module_row clearfix module_row_1 themify_builder_9_row module_row_9-1\">\n\t\t\t\t\t\t<div class=\"row_inner col_align_top\" >\n                            \n\t\t<div  class=\"module_column tb-column col-full first tb_9_column module_column_0 module_column_9-1-0\" >\n                                                                <div class=\"tb-column-inner\">\n                            \r\n\r\n<!-- module text -->\n<div  id=\"text-9-1-0-0\" class=\"module module-text text-9-1-0-0  repeat  \">\n    <!--insert-->\n    \n        <p><span class=\"verdanaverdegiustify\"><span class=\"verdana_verdegiustify\">Diploma<\/span> di laurea:<img loading=\"lazy\" decoding=\"async\" class=\"alignright wp-image-230 size-medium\" src=\"http:\/\/www.centrodambra.com\/wordpress\/wp-content\/uploads\/2015\/02\/FilomenaDAmbra-263x300.jpg\" alt=\"foto con Filomena D'Ambra come soggetto\" width=\"263\" height=\"300\" srcset=\"https:\/\/www.centrodambra.com\/wordpress\/wp-content\/uploads\/2015\/02\/FilomenaDAmbra-263x300.jpg 263w, https:\/\/www.centrodambra.com\/wordpress\/wp-content\/uploads\/2015\/02\/FilomenaDAmbra.jpg 500w\" sizes=\"(max-width: 263px) 100vw, 263px\" \/><br \/>terapista della riabilitazione <\/span><span class=\"verdana_verdegiustify\">conseguito presso gli \u201cOspedali Riuniti\u201d di Putignano (BA) Anno Accademico 1978\/79<\/span><\/p>\n<p><span class=\"verdana_verdegiustify\"><b>Tirocini:<br \/><\/b><\/span>a) nel 1978 presso il \u201cCentro Polivalente di Riabilitazione E. Bignamini\u201d di Falconara M. (AN)<br \/><span class=\"verdana_verdegiustify\">b) nel 1979 presso l\u201911 UTR <\/span><span class=\"verdana_verdegiustify\">(unione territoriale <\/span><span class=\"verdana_verdegiustify\">di <\/span><span class=\"verdana_verdegiustify\">riabilitazione) <\/span><span class=\"verdana_verdegiustify\">di Roma sul metodo Vojta e contemporaneamente, per una durata di quattro mesi, presso il centro UILDM (unione italiana lotta distrofia muscolare) di Roma.<br \/><\/span><br \/><b>Seminari<\/b>:<br \/>a) \u201csviluppo neuro e psicomotorio del bambino\u201d di Milani-Comparetti a Firenze;<br \/>b) \u201ccontrollo sequenziale progressivo per la rieducazione motoria dell\u2019emiplegico\u201d di Perfetti a Roma;<br \/>c) \u201dmetodo di valutazione e applicazioni terapeutiche\u201d di G.Tardieu;<br \/>d) \u201ctrattamento precoce delle lesioni neurologiche\u201d di R.Castillo Morales;<br \/>e) \u201cil corpo vissuto, il corpo parlato\u201d di G.Soubiron e R.Murcia a Parma;<br \/>f) \u201cle radici dell\u2019autismo\u201d di F.Tustin a Roma;<br \/>g) \u201cespressione gestuale e comunicazione non verbale\u201d;<br \/>h) \u201cl\u2019educazione musicale e la psicomotricit\u00e0 come terapia dei disturbi della comunicazione: metodo verbo tonale\u201d di Guberina;<br \/>i) \u201cdal piacere del movimento al piacere di pensare\u201d di B. Aucouturier;<br \/>l) \u201cl\u2019educazione psicomotoria\u201d di E. Borgogno;<br \/>m) \u201ctrattamento kinesiterapico delle scoliosi\u201d di G.Mollon e M. Ollier;<\/p>\n<p><b>Formazioni<\/b>:<br \/>a) vissuti corporei (psicomotricit\u00e0 relazionale) presso l\u2019ASTRI di Milano con la prof. C. Morosini;<br \/>b) metodo M\u00e9zi\u00e8res con F.M\u00e9zi\u00e8res a Noisy sur Ecole (Parigi);<br \/>c) metodo Bertherat con T.Bertherat a Parigi;<br \/>d) metodo Monari con M. Monari presso il centro Monari a Bologna;<br \/>e) Frequenza all\u2019anno propedeutico della SIPO (societ\u00e0 italiana psicoterapia organismica) con psicoterapia personale sia individuale che con maratone di gruppo.<\/p>\n<p><b>Docenze:<br \/><\/b>Attivit\u00e0 didattica biennale presso la Scuola per Terapisti della Riabilitazione dell\u2019Ospedale \u201cS.Timoteo\u201d di Termoli;<\/p>\n<p><b>Attivit\u00e0 professionale:<\/b><br \/>a) nel 1980 presso il Centro di Radiodiagnostica e Fisioterapia di Roma;<br \/>b) dal 1981 all\u201908\/1984 presso il centro AIRRI (associazione italiana riabilitazione reinserimento invalidi) di Roma;<br \/>c) dal 09\/1984 all\u201908\/1988 presso il Centro Riabilitazione \u201cPadre Pio\u201d di Larino (CB);<br \/>d) dal 1984 ad oggi libera professione con trattamenti individuali e di gruppo;<br \/>e) direzione dal 1989 del Centro D\u2019Ambra di fisioterapia di Termoli ;<br \/>f) dal 1990 al 2007 prestazioni professionali presso il Centro Monari di Bologna;<br \/>e) direzione dal 2003 del Centro D\u2019Ambra di fisioterapia di Roma.<\/p>        <\/div>\n<!-- \/module text -->\n\r\n                        <\/div>\n                    \t\t<\/div>\n\t\t                                <\/div>\n                                <!-- \/row_inner -->\n                        <\/div>\n                        <!-- \/module_row -->\n\t\t<\/div>\n<p>&nbsp;<\/p>\n<p>&nbsp;<\/p>\n<p>&nbsp;<\/p>\n","protected":false},"excerpt":{"rendered":"<p>Psiche e corpo rappresentano non la dualit\u00e0 dell\u2019essere umano\u00a0 bens\u00ec la sua unit\u00e0. Diploma di laurea:terapista della riabilitazione conseguito presso gli \u201cOspedali Riuniti\u201d di Putignano (BA) Anno Accademico 1978\/79 Tirocini:a) nel 1978 presso il \u201cCentro Polivalente di Riabilitazione E. Bignamini\u201d di Falconara M. (AN)b) nel 1979 presso l\u201911 UTR (unione territoriale di riabilitazione) di Roma [&hellip;]<\/p>\n","protected":false},"author":1,"featured_media":0,"parent":0,"menu_order":0,"comment_status":"closed","ping_status":"closed","template":"","meta":{"footnotes":""},"_links":{"self":[{"href":"https:\/\/www.centrodambra.com\/index.php?rest_route=\/wp\/v2\/pages\/9"}],"collection":[{"href":"https:\/\/www.centrodambra.com\/index.php?rest_route=\/wp\/v2\/pages"}],"about":[{"href":"https:\/\/www.centrodambra.com\/index.php?rest_route=\/wp\/v2\/types\/page"}],"author":[{"embeddable":true,"href":"https:\/\/www.centrodambra.com\/index.php?rest_route=\/wp\/v2\/users\/1"}],"replies":[{"embeddable":true,"href":"https:\/\/www.centrodambra.com\/index.php?rest_route=%2Fwp%2Fv2%2Fcomments&post=9"}],"version-history":[{"count":36,"href":"https:\/\/www.centrodambra.com\/index.php?rest_route=\/wp\/v2\/pages\/9\/revisions"}],"predecessor-version":[{"id":728,"href":"https:\/\/www.centrodambra.com\/index.php?rest_route=\/wp\/v2\/pages\/9\/revisions\/728"}],"wp:attachment":[{"href":"https:\/\/www.centrodambra.com\/index.php?rest_route=%2Fwp%2Fv2%2Fmedia&parent=9"}],"curies":[{"name":"wp","href":"https:\/\/api.w.org\/{rel}","templated":true}]}}